{"id":1742,"date":"2024-09-10T11:24:23","date_gmt":"2024-09-10T09:24:23","guid":{"rendered":"https:\/\/boletbenfet.com\/politica-de-cookies\/"},"modified":"2025-05-30T11:17:53","modified_gmt":"2025-05-30T09:17:53","slug":"politique-relative-aux-cookies","status":"publish","type":"page","link":"https:\/\/www.boletbenfet.com\/fr\/politique-relative-aux-cookies\/","title":{"rendered":"Politique relative aux cookies"},"content":{"rendered":"<div class=\"fusion-fullwidth fullwidth-box fusion-builder-row-1 fusion-flex-container nonhundred-percent-fullwidth non-hundred-percent-height-scrolling\" style=\"--awb-border-radius-top-left:0px;--awb-border-radius-top-right:0px;--awb-border-radius-bottom-right:0px;--awb-border-radius-bottom-left:0px;--awb-padding-top:60px;--awb-padding-bottom:26px;--awb-flex-wrap:wrap;\" ><div class=\"fusion-builder-row fusion-row fusion-flex-align-items-flex-start fusion-flex-content-wrap\" style=\"max-width:1248px;margin-left: calc(-4% \/ 2 );margin-right: calc(-4% \/ 2 );\"><div class=\"fusion-layout-column fusion_builder_column fusion-builder-column-0 fusion_builder_column_1_1 1_1 fusion-flex-column\" style=\"--awb-bg-blend:overlay;--awb-bg-size:cover;--awb-width-large:100%;--awb-margin-top-large:0px;--awb-spacing-right-large:1.92%;--awb-margin-bottom-large:0px;--awb-spacing-left-large:1.92%;--awb-width-medium:100%;--awb-spacing-right-medium:1.92%;--awb-spacing-left-medium:1.92%;--awb-width-small:100%;--awb-spacing-right-small:1.92%;--awb-spacing-left-small:1.92%;\"><div class=\"fusion-column-wrapper fusion-flex-justify-content-flex-start fusion-content-layout-column\"><div class=\"fusion-text fusion-text-1\"><h3>Politique relative aux cookies<\/h3>\n<p>Ce site web utilise des cookies, petits fragments d\u2019information stock\u00e9s sur votre ordinateur, pour v\u00e9rifier votre identit\u00e9. Il existe des cookies pour les utilisateurs enregistr\u00e9s et pour les commentateurs.<\/p>\n<p><strong>Connexion<\/strong> : Ce site utilise le cookie wordpress_[hash] pour stocker les donn\u00e9es d\u2019authentification. Son utilisation est limit\u00e9e \u00e0 la zone d\u2019administration : \/wp-admin\/.<\/p>\n<p>Apr\u00e8s connexion, le cookie wordpress_logged_in_[hash] est d\u00e9fini, indiquant quand vous \u00eates connect\u00e9 et qui vous \u00eates, afin de faciliter l\u2019utilisation de l\u2019interface.<\/p>\n<p>D\u2019autres cookies wp-settings-{time}-[UID] sont \u00e9galement cr\u00e9\u00e9s. Le chiffre final correspond \u00e0 l\u2019ID utilisateur dans la base de donn\u00e9es. Ces cookies sont utilis\u00e9s pour personnaliser l\u2019affichage de l\u2019interface d\u2019administration, et \u00e9ventuellement aussi l\u2019interface principale du site.<\/p>\n<p><strong>Cookies des plugins utilis\u00e9s<\/strong> :<\/p>\n<ul>\n<li>Vimeo<\/li>\n<li>Facebook<\/li>\n<li>Twitter<\/li>\n<li>WPL<\/li>\n<li>Google Analytics<\/li>\n<\/ul>\n<p>Vous pouvez r\u00e9voquer votre consentement \u00e0 l\u2019utilisation des cookies en les supprimant via les options de votre navigateur.<\/p>\n<p>Vous pouvez configurer votre navigateur pour qu\u2019il vous informe avant l\u2019installation \u00e9ventuelle de cookies ou pour qu\u2019il les supprime automatiquement \u00e0 la fermeture du navigateur, de l\u2019ordinateur ou de l\u2019appareil. Voici comment faire selon votre navigateur :<\/p>\n<ul>\n<li>Firefox : <a href=\"http:\/\/support.mozilla.org\/fr\/kb\/Galetes\">http:\/\/support.mozilla.org\/fr\/kb\/Galetes<\/a><br \/>\n\u2022 Chrome : http:\/\/support.google.com\/chrome\/bin\/answer.py?hl=fr&amp;answer=95647<br \/>\n\u2022 Internet Explorer : <a href=\"http:\/\/windows.microsoft.com\/fr-fr\/windows7\/how-to-manage-cookies-in-internet-explorer-9\">http:\/\/windows.microsoft.com\/fr-fr\/windows7\/how-to-manage-cookies-in-internet-explorer-9<\/a><br \/>\n\u2022 Safari : <a href=\"http:\/\/support.apple.com\/kb\/ph5042\">http:\/\/support.apple.com\/kb\/ph5042<\/a><br \/>\n\u2022 Safari pour iOS : <a href=\"http:\/\/support.apple.com\/kb\/HT1677?viewlocale=fr_FR&amp;locale=fr_FR\">http:\/\/support.apple.com\/kb\/HT1677?viewlocale=fr_FR&amp;locale=fr_FR<\/a><br \/>\n\u2022 Opera : http:\/\/help.opera.com\/Windows\/11.50\/fr-FR\/cookies.html<\/li>\n<\/ul>\n<\/div><\/div><\/div><\/div><\/div>\n","protected":false},"excerpt":{"rendered":"","protected":false},"author":1,"featured_media":0,"parent":0,"menu_order":0,"comment_status":"closed","ping_status":"closed","template":"100-width.php","meta":{"_joinchat":[],"footnotes":""},"class_list":["post-1742","page","type-page","status-publish","hentry"],"yoast_head":"<!-- This site is optimized with the Yoast SEO plugin v25.2 - https:\/\/yoast.com\/wordpress\/plugins\/seo\/ -->\n<title>Politique relative aux cookies - Bolet ben fet<\/title>\n<meta name=\"robots\" content=\"noindex, nofollow\" \/>\n<meta property=\"og:locale\" content=\"fr_FR\" \/>\n<meta property=\"og:type\" content=\"article\" \/>\n<meta property=\"og:title\" content=\"Politique relative aux cookies - Bolet ben fet\" \/>\n<meta property=\"og:url\" content=\"https:\/\/www.boletbenfet.com\/politica-de-cookies\/\" \/>\n<meta property=\"og:site_name\" content=\"Bolet ben fet\" \/>\n<meta property=\"article:modified_time\" content=\"2025-05-30T09:17:53+00:00\" \/>\n<meta name=\"twitter:card\" content=\"summary_large_image\" \/>\n<meta name=\"twitter:label1\" content=\"Dur\u00e9e de lecture estim\u00e9e\" \/>\n\t<meta name=\"twitter:data1\" content=\"2 minutes\" \/>\n<script type=\"application\/ld+json\" class=\"yoast-schema-graph\">{\"@context\":\"https:\/\/schema.org\",\"@graph\":[{\"@type\":\"WebPage\",\"@id\":\"https:\/\/www.boletbenfet.com\/politica-de-cookies\/\",\"url\":\"https:\/\/www.boletbenfet.com\/politica-de-cookies\/\",\"name\":\"Politique relative aux cookies - Bolet ben fet\",\"isPartOf\":{\"@id\":\"https:\/\/www.boletbenfet.com\/#website\"},\"datePublished\":\"2024-09-10T09:24:23+00:00\",\"dateModified\":\"2025-05-30T09:17:53+00:00\",\"breadcrumb\":{\"@id\":\"https:\/\/www.boletbenfet.com\/politica-de-cookies\/#breadcrumb\"},\"inLanguage\":\"fr-FR\",\"potentialAction\":[{\"@type\":\"ReadAction\",\"target\":[\"https:\/\/www.boletbenfet.com\/politica-de-cookies\/\"]}]},{\"@type\":\"BreadcrumbList\",\"@id\":\"https:\/\/www.boletbenfet.com\/politica-de-cookies\/#breadcrumb\",\"itemListElement\":[{\"@type\":\"ListItem\",\"position\":1,\"name\":\"Portada\",\"item\":\"https:\/\/www.boletbenfet.com\/\"},{\"@type\":\"ListItem\",\"position\":2,\"name\":\"Politique relative aux cookies\"}]},{\"@type\":\"WebSite\",\"@id\":\"https:\/\/www.boletbenfet.com\/#website\",\"url\":\"https:\/\/www.boletbenfet.com\/\",\"name\":\"Bolet ben fet\",\"description\":\"\",\"potentialAction\":[{\"@type\":\"SearchAction\",\"target\":{\"@type\":\"EntryPoint\",\"urlTemplate\":\"https:\/\/www.boletbenfet.com\/?s={search_term_string}\"},\"query-input\":{\"@type\":\"PropertyValueSpecification\",\"valueRequired\":true,\"valueName\":\"search_term_string\"}}],\"inLanguage\":\"fr-FR\"}]}<\/script>\n<!-- \/ Yoast SEO plugin. -->","yoast_head_json":{"title":"Politique relative aux cookies - Bolet ben fet","robots":{"index":"noindex","follow":"nofollow"},"og_locale":"fr_FR","og_type":"article","og_title":"Politique relative aux cookies - Bolet ben fet","og_url":"https:\/\/www.boletbenfet.com\/politica-de-cookies\/","og_site_name":"Bolet ben fet","article_modified_time":"2025-05-30T09:17:53+00:00","twitter_card":"summary_large_image","twitter_misc":{"Dur\u00e9e de lecture estim\u00e9e":"2 minutes"},"schema":{"@context":"https:\/\/schema.org","@graph":[{"@type":"WebPage","@id":"https:\/\/www.boletbenfet.com\/politica-de-cookies\/","url":"https:\/\/www.boletbenfet.com\/politica-de-cookies\/","name":"Politique relative aux cookies - Bolet ben fet","isPartOf":{"@id":"https:\/\/www.boletbenfet.com\/#website"},"datePublished":"2024-09-10T09:24:23+00:00","dateModified":"2025-05-30T09:17:53+00:00","breadcrumb":{"@id":"https:\/\/www.boletbenfet.com\/politica-de-cookies\/#breadcrumb"},"inLanguage":"fr-FR","potentialAction":[{"@type":"ReadAction","target":["https:\/\/www.boletbenfet.com\/politica-de-cookies\/"]}]},{"@type":"BreadcrumbList","@id":"https:\/\/www.boletbenfet.com\/politica-de-cookies\/#breadcrumb","itemListElement":[{"@type":"ListItem","position":1,"name":"Portada","item":"https:\/\/www.boletbenfet.com\/"},{"@type":"ListItem","position":2,"name":"Politique relative aux cookies"}]},{"@type":"WebSite","@id":"https:\/\/www.boletbenfet.com\/#website","url":"https:\/\/www.boletbenfet.com\/","name":"Bolet ben fet","description":"","potentialAction":[{"@type":"SearchAction","target":{"@type":"EntryPoint","urlTemplate":"https:\/\/www.boletbenfet.com\/?s={search_term_string}"},"query-input":{"@type":"PropertyValueSpecification","valueRequired":true,"valueName":"search_term_string"}}],"inLanguage":"fr-FR"}]}},"_links":{"self":[{"href":"https:\/\/www.boletbenfet.com\/fr\/wp-json\/wp\/v2\/pages\/1742","targetHints":{"allow":["GET"]}}],"collection":[{"href":"https:\/\/www.boletbenfet.com\/fr\/wp-json\/wp\/v2\/pages"}],"about":[{"href":"https:\/\/www.boletbenfet.com\/fr\/wp-json\/wp\/v2\/types\/page"}],"author":[{"embeddable":true,"href":"https:\/\/www.boletbenfet.com\/fr\/wp-json\/wp\/v2\/users\/1"}],"replies":[{"embeddable":true,"href":"https:\/\/www.boletbenfet.com\/fr\/wp-json\/wp\/v2\/comments?post=1742"}],"version-history":[{"count":2,"href":"https:\/\/www.boletbenfet.com\/fr\/wp-json\/wp\/v2\/pages\/1742\/revisions"}],"predecessor-version":[{"id":1747,"href":"https:\/\/www.boletbenfet.com\/fr\/wp-json\/wp\/v2\/pages\/1742\/revisions\/1747"}],"wp:attachment":[{"href":"https:\/\/www.boletbenfet.com\/fr\/wp-json\/wp\/v2\/media?parent=1742"}],"curies":[{"name":"wp","href":"https:\/\/api.w.org\/{rel}","templated":true}]}}