{"id":1702,"date":"2024-10-07T12:18:19","date_gmt":"2024-10-07T10:18:19","guid":{"rendered":"https:\/\/boletbenfet.com\/nos-varietes\/bolet-de-pipa\/"},"modified":"2025-05-30T10:42:11","modified_gmt":"2025-05-30T08:42:11","slug":"reishi","status":"publish","type":"page","link":"https:\/\/www.boletbenfet.com\/fr\/nos-varietes\/reishi\/","title":{"rendered":"Reishi"},"content":{"rendered":"<p><div class=\"fusion-fullwidth fullwidth-box fusion-builder-row-1 fusion-flex-container has-pattern-background has-mask-background fusion-parallax-none hundred-percent-fullwidth non-hundred-percent-height-scrolling\" style=\"--awb-background-position:left bottom;--awb-border-radius-top-left:0px;--awb-border-radius-top-right:0px;--awb-border-radius-bottom-right:0px;--awb-border-radius-bottom-left:0px;--awb-padding-top:50px;--awb-padding-bottom:30%;--awb-padding-top-small:180px;--awb-padding-bottom-small:258.589px;--awb-margin-top:0px;--awb-background-image:url(&quot;https:\/\/boletbenfet.com\/wp-content\/uploads\/2025\/04\/slider-pipa-.png&quot;);--awb-background-image-small:url(&#039;https:\/\/boletbenfet.com\/wp-content\/uploads\/2025\/04\/slider-MOBILE-bolet-pipa-1.png&#039;);--awb-background-size:cover;--awb-flex-wrap:wrap;\" ><div class=\"fusion-builder-row fusion-row fusion-flex-align-items-flex-start fusion-flex-content-wrap\" style=\"width:104% !important;max-width:104% !important;margin-left: calc(-4% \/ 2 );margin-right: calc(-4% \/ 2 );\"><div class=\"fusion-layout-column fusion_builder_column fusion-builder-column-0 fusion_builder_column_1_2 1_2 fusion-flex-column fusion-no-small-visibility\" style=\"--awb-padding-left:18%;--awb-bg-size:cover;--awb-width-large:50%;--awb-margin-top-large:0px;--awb-spacing-right-large:3.84%;--awb-margin-bottom-large:20px;--awb-spacing-left-large:3.84%;--awb-width-medium:50%;--awb-order-medium:0;--awb-spacing-right-medium:3.84%;--awb-spacing-left-medium:3.84%;--awb-width-small:100%;--awb-order-small:0;--awb-spacing-right-small:1.92%;--awb-spacing-left-small:1.92%;\"><div class=\"fusion-column-wrapper fusion-column-has-shadow fusion-flex-justify-content-flex-start fusion-content-layout-column\"><div class=\"fusion-title title fusion-title-1 fusion-sep-none fusion-title-text fusion-title-size-one\" style=\"--awb-margin-bottom:5px;--awb-font-size:35px;\"><h1 class=\"fusion-title-heading title-heading-left fusion-responsive-typography-calculated\" style=\"font-family:&quot;Vollkorn&quot;;font-style:normal;font-weight:400;margin:0;font-size:1em;text-transform:uppercase;--fontSize:35;line-height:var(--awb-typography1-line-height);\">Reishi<\/h1><\/div><div class=\"fusion-text fusion-text-1\" style=\"--awb-text-color:var(--awb-color8);\"><p><em>Ganoderma lucidum<\/em><\/p>\n<\/div><\/div><\/div><\/div><\/div><div class=\"fusion-fullwidth fullwidth-box fusion-builder-row-2 fusion-flex-container has-pattern-background has-mask-background nonhundred-percent-fullwidth non-hundred-percent-height-scrolling\" style=\"--awb-border-radius-top-left:0px;--awb-border-radius-top-right:0px;--awb-border-radius-bottom-right:0px;--awb-border-radius-bottom-left:0px;--awb-padding-top:10px;--awb-padding-bottom:0px;--awb-padding-top-small:0px;--awb-padding-right-small:30px;--awb-padding-left-small:30px;--awb-flex-wrap:wrap;\" ><div class=\"fusion-builder-row fusion-row fusion-flex-align-items-flex-start fusion-flex-content-wrap\" style=\"max-width:1248px;margin-left: calc(-4% \/ 2 );margin-right: calc(-4% \/ 2 );\"><div class=\"fusion-layout-column fusion_builder_column fusion-builder-column-1 fusion_builder_column_1_2 1_2 fusion-flex-column fusion-no-medium-visibility fusion-no-large-visibility\" style=\"--awb-padding-left:18%;--awb-padding-left-small:0px;--awb-bg-size:cover;--awb-width-large:50%;--awb-margin-top-large:0px;--awb-spacing-right-large:3.84%;--awb-margin-bottom-large:20px;--awb-spacing-left-large:3.84%;--awb-width-medium:50%;--awb-order-medium:0;--awb-spacing-right-medium:3.84%;--awb-spacing-left-medium:3.84%;--awb-width-small:100%;--awb-order-small:0;--awb-spacing-right-small:1.92%;--awb-spacing-left-small:1.92%;\"><div class=\"fusion-column-wrapper fusion-column-has-shadow fusion-flex-justify-content-flex-start fusion-content-layout-column\"><div class=\"fusion-title title fusion-title-2 fusion-sep-none fusion-title-text fusion-title-size-one\" style=\"--awb-margin-bottom:5px;--awb-font-size:35px;\"><h1 class=\"fusion-title-heading title-heading-left fusion-responsive-typography-calculated\" style=\"font-family:&quot;Vollkorn&quot;;font-style:normal;font-weight:400;margin:0;font-size:1em;text-transform:uppercase;--fontSize:35;line-height:var(--awb-typography1-line-height);\">Reishi<\/h1><\/div><div class=\"fusion-text fusion-text-2\" style=\"--awb-text-color:var(--awb-color8);\"><p><em>Ganoderma lucidum<\/em><\/p>\n<\/div><\/div><\/div><div class=\"fusion-layout-column fusion_builder_column fusion-builder-column-2 fusion_builder_column_1_2 1_2 fusion-flex-column fusion-flex-align-self-stretch\" style=\"--awb-bg-size:cover;--awb-width-large:50%;--awb-margin-top-large:0px;--awb-spacing-right-large:3.84%;--awb-margin-bottom-large:0px;--awb-spacing-left-large:3.84%;--awb-width-medium:50%;--awb-order-medium:0;--awb-spacing-right-medium:3.84%;--awb-spacing-left-medium:3.84%;--awb-width-small:100%;--awb-order-small:0;--awb-spacing-right-small:1.92%;--awb-margin-bottom-small:32px;--awb-spacing-left-small:1.92%;\"><div class=\"fusion-column-wrapper fusion-column-has-shadow fusion-flex-justify-content-center fusion-content-layout-column\"><div class=\"fusion-text fusion-text-3\" style=\"--awb-font-size:22px;--awb-text-font-family:&quot;Vollkorn&quot;;--awb-text-font-style:normal;--awb-text-font-weight:500;\"><p><em>L\u2019un des champignons les plus pris\u00e9s dans la m\u00e9decine traditionnelle chinoise.<\/em><\/p>\n<\/div><\/div><\/div><div class=\"fusion-layout-column fusion_builder_column fusion-builder-column-3 fusion_builder_column_1_2 1_2 fusion-flex-column\" style=\"--awb-bg-size:cover;--awb-width-large:50%;--awb-margin-top-large:0px;--awb-spacing-right-large:3.84%;--awb-margin-bottom-large:20px;--awb-spacing-left-large:3.84%;--awb-width-medium:50%;--awb-order-medium:0;--awb-spacing-right-medium:3.84%;--awb-spacing-left-medium:3.84%;--awb-width-small:100%;--awb-order-small:0;--awb-spacing-right-small:1.92%;--awb-spacing-left-small:1.92%;\"><div class=\"fusion-column-wrapper fusion-column-has-shadow fusion-flex-justify-content-center fusion-content-layout-column\"><div class=\"fusion-builder-row fusion-builder-row-inner fusion-row fusion-flex-align-items-flex-start fusion-flex-content-wrap\" style=\"width:104% !important;max-width:104% !important;margin-left: calc(-4% \/ 2 );margin-right: calc(-4% \/ 2 );\"><div class=\"fusion-layout-column fusion_builder_column_inner fusion-builder-nested-column-0 fusion_builder_column_inner_2_5 2_5 fusion-flex-column fusion-flex-align-self-stretch\" style=\"--awb-bg-size:cover;--awb-width-large:40%;--awb-margin-top-large:0px;--awb-spacing-right-large:4.8%;--awb-margin-bottom-large:0px;--awb-spacing-left-large:4.8%;--awb-width-medium:40%;--awb-order-medium:0;--awb-spacing-right-medium:4.8%;--awb-spacing-left-medium:4.8%;--awb-width-small:50%;--awb-order-small:3;--awb-spacing-right-small:3.84%;--awb-spacing-left-small:3.84%;\"><div class=\"fusion-column-wrapper fusion-column-has-shadow fusion-flex-justify-content-flex-start fusion-content-layout-column\"><\/div><\/div><div class=\"fusion-layout-column fusion_builder_column_inner fusion-builder-nested-column-1 fusion_builder_column_inner_3_5 3_5 fusion-flex-column fusion-flex-align-self-stretch\" style=\"--awb-bg-size:cover;--awb-width-large:60%;--awb-margin-top-large:0px;--awb-spacing-right-large:3.2%;--awb-margin-bottom-large:0px;--awb-spacing-left-large:3.2%;--awb-width-medium:60%;--awb-order-medium:0;--awb-spacing-right-medium:3.2%;--awb-spacing-left-medium:3.2%;--awb-width-small:50%;--awb-order-small:0;--awb-spacing-right-small:3.84%;--awb-spacing-left-small:3.84%;\"><div class=\"fusion-column-wrapper fusion-column-has-shadow fusion-flex-justify-content-center fusion-content-layout-column\"><div class=\"fusion-image-element sm-text-align-left\" style=\"text-align:center;--awb-caption-title-font-family:var(--h2_typography-font-family);--awb-caption-title-font-weight:var(--h2_typography-font-weight);--awb-caption-title-font-style:var(--h2_typography-font-style);--awb-caption-title-size:var(--h2_typography-font-size);--awb-caption-title-transform:var(--h2_typography-text-transform);--awb-caption-title-line-height:var(--h2_typography-line-height);--awb-caption-title-letter-spacing:var(--h2_typography-letter-spacing);\"><span class=\" fusion-imageframe imageframe-none imageframe-1 hover-type-none\"><img decoding=\"async\" width=\"982\" height=\"375\" title=\"Versions-D-fr\" src=\"https:\/\/boletbenfet.com\/wp-content\/uploads\/2025\/05\/Versions-D-fr.png\" alt class=\"img-responsive wp-image-1573\" srcset=\"https:\/\/www.boletbenfet.com\/wp-content\/uploads\/2025\/05\/Versions-D-fr-200x76.png 200w, https:\/\/www.boletbenfet.com\/wp-content\/uploads\/2025\/05\/Versions-D-fr-400x153.png 400w, https:\/\/www.boletbenfet.com\/wp-content\/uploads\/2025\/05\/Versions-D-fr-600x229.png 600w, https:\/\/www.boletbenfet.com\/wp-content\/uploads\/2025\/05\/Versions-D-fr-800x305.png 800w, https:\/\/www.boletbenfet.com\/wp-content\/uploads\/2025\/05\/Versions-D-fr.png 982w\" sizes=\"(max-width: 640px) 100vw, 800px\" \/><\/span><\/div><\/div><\/div><\/div><\/div><\/div><\/div><\/div><div class=\"fusion-fullwidth fullwidth-box fusion-builder-row-3 fusion-flex-container has-pattern-background has-mask-background nonhundred-percent-fullwidth non-hundred-percent-height-scrolling\" style=\"--awb-border-radius-top-left:0px;--awb-border-radius-top-right:0px;--awb-border-radius-bottom-right:0px;--awb-border-radius-bottom-left:0px;--awb-padding-bottom:35px;--awb-flex-wrap:wrap;\" ><div class=\"fusion-builder-row fusion-row fusion-flex-align-items-flex-start fusion-flex-content-wrap\" style=\"max-width:1248px;margin-left: calc(-4% \/ 2 );margin-right: calc(-4% \/ 2 );\"><div class=\"fusion-layout-column fusion_builder_column fusion-builder-column-4 fusion_builder_column_1_1 1_1 fusion-flex-column\" style=\"--awb-bg-size:cover;--awb-width-large:100%;--awb-margin-top-large:0px;--awb-spacing-right-large:1.92%;--awb-margin-bottom-large:20px;--awb-spacing-left-large:1.92%;--awb-width-medium:100%;--awb-order-medium:0;--awb-spacing-right-medium:1.92%;--awb-spacing-left-medium:1.92%;--awb-width-small:100%;--awb-order-small:0;--awb-spacing-right-small:1.92%;--awb-spacing-left-small:1.92%;\"><div class=\"fusion-column-wrapper fusion-column-has-shadow fusion-flex-justify-content-flex-start fusion-content-layout-column\"><div class=\"fusion-text fusion-text-4\" style=\"--awb-text-color:var(--awb-color8);\"><h3><strong>Caract\u00e9ristiques :<\/strong><\/h3>\n<p>Le reishi est une esp\u00e8ce lignicole qui fructifie de mani\u00e8re saprotrophe, presque toujours sur du bois mort. Il peut parfois \u00e9merger du sol, mais est toujours associ\u00e9 \u00e0 des branches enterr\u00e9es de ch\u00eanes ou de ch\u00eanes verts. Sur le substrat colonis\u00e9, il provoque une pourriture blanche bien visible.<\/p>\n<h3><strong>Gastronomie :<\/strong><\/h3>\n<p>Il s\u2019agit d\u2019une esp\u00e8ce tr\u00e8s particuli\u00e8re, car elle est consomm\u00e9e, mais non \u00e0 des fins gastronomiques. Sa texture et sa duret\u00e9 la rendent peu adapt\u00e9e \u00e0 la cuisine. Traditionnellement, en Chine et dans d&rsquo;autres pays asiatiques, il est utilis\u00e9 en infusion en raison des importantes propri\u00e9t\u00e9s m\u00e9dicinales qui lui sont attribu\u00e9es. Les sp\u00e9cimens sont s\u00e9ch\u00e9s, puis d\u00e9coup\u00e9s en lamelles ou r\u00e9duits en poudre.<\/p>\n<h3><strong>Format de vente :<\/strong><\/h3>\n<ul>\n<li>S\u00e9ch\u00e9 en vrac<\/li>\n<\/ul>\n<\/div><\/div><\/div><\/div><\/div><div class=\"fusion-fullwidth fullwidth-box fusion-builder-row-4 fusion-flex-container has-pattern-background has-mask-background fusion-parallax-fixed hundred-percent-fullwidth non-hundred-percent-height-scrolling\" style=\"--awb-border-radius-top-left:0px;--awb-border-radius-top-right:0px;--awb-border-radius-bottom-right:0px;--awb-border-radius-bottom-left:0px;--awb-padding-right:0px;--awb-padding-left:0px;--awb-min-height:600px;--awb-background-image:url(&quot;https:\/\/boletbenfet.com\/wp-content\/uploads\/2025\/04\/pipa-parallax-1.png&quot;);--awb-background-size:cover;--awb-flex-wrap:wrap;background-attachment:fixed;\" ><div class=\"fusion-builder-row fusion-row fusion-flex-align-items-flex-start fusion-flex-content-wrap\" style=\"width:104% !important;max-width:104% !important;margin-left: calc(-4% \/ 2 );margin-right: calc(-4% \/ 2 );\"><\/div><\/div><\/p>\n","protected":false},"excerpt":{"rendered":"","protected":false},"author":1,"featured_media":0,"parent":1516,"menu_order":0,"comment_status":"closed","ping_status":"closed","template":"100-width.php","meta":{"_joinchat":[],"footnotes":""},"class_list":["post-1702","page","type-page","status-publish","hentry"],"yoast_head":"<!-- This site is optimized with the Yoast SEO plugin v25.2 - https:\/\/yoast.com\/wordpress\/plugins\/seo\/ -->\n<title>Reishi - Bolet ben fet<\/title>\n<meta name=\"robots\" content=\"index, follow, max-snippet:-1, max-image-preview:large, max-video-preview:-1\" \/>\n<link rel=\"canonical\" href=\"https:\/\/www.boletbenfet.com\/les-nostres-varietats\/bolet-de-pipa\/\" \/>\n<meta property=\"og:locale\" content=\"fr_FR\" \/>\n<meta property=\"og:type\" content=\"article\" \/>\n<meta property=\"og:title\" content=\"Reishi - Bolet ben fet\" \/>\n<meta property=\"og:url\" content=\"https:\/\/www.boletbenfet.com\/les-nostres-varietats\/bolet-de-pipa\/\" \/>\n<meta property=\"og:site_name\" content=\"Bolet ben fet\" \/>\n<meta property=\"article:modified_time\" content=\"2025-05-30T08:42:11+00:00\" \/>\n<meta name=\"twitter:card\" content=\"summary_large_image\" \/>\n<meta name=\"twitter:label1\" content=\"Dur\u00e9e de lecture estim\u00e9e\" \/>\n\t<meta name=\"twitter:data1\" content=\"1 minute\" \/>\n<script type=\"application\/ld+json\" class=\"yoast-schema-graph\">{\"@context\":\"https:\/\/schema.org\",\"@graph\":[{\"@type\":\"WebPage\",\"@id\":\"https:\/\/www.boletbenfet.com\/les-nostres-varietats\/bolet-de-pipa\/\",\"url\":\"https:\/\/www.boletbenfet.com\/les-nostres-varietats\/bolet-de-pipa\/\",\"name\":\"Reishi - Bolet ben fet\",\"isPartOf\":{\"@id\":\"https:\/\/www.boletbenfet.com\/#website\"},\"datePublished\":\"2024-10-07T10:18:19+00:00\",\"dateModified\":\"2025-05-30T08:42:11+00:00\",\"breadcrumb\":{\"@id\":\"https:\/\/www.boletbenfet.com\/les-nostres-varietats\/bolet-de-pipa\/#breadcrumb\"},\"inLanguage\":\"fr-FR\",\"potentialAction\":[{\"@type\":\"ReadAction\",\"target\":[\"https:\/\/www.boletbenfet.com\/les-nostres-varietats\/bolet-de-pipa\/\"]}]},{\"@type\":\"BreadcrumbList\",\"@id\":\"https:\/\/www.boletbenfet.com\/les-nostres-varietats\/bolet-de-pipa\/#breadcrumb\",\"itemListElement\":[{\"@type\":\"ListItem\",\"position\":1,\"name\":\"Portada\",\"item\":\"https:\/\/www.boletbenfet.com\/\"},{\"@type\":\"ListItem\",\"position\":2,\"name\":\"Nos vari\u00e9t\u00e9s\",\"item\":\"https:\/\/www.boletbenfet.com\/les-nostres-varietats\/\"},{\"@type\":\"ListItem\",\"position\":3,\"name\":\"Reishi\"}]},{\"@type\":\"WebSite\",\"@id\":\"https:\/\/www.boletbenfet.com\/#website\",\"url\":\"https:\/\/www.boletbenfet.com\/\",\"name\":\"Bolet ben fet\",\"description\":\"\",\"potentialAction\":[{\"@type\":\"SearchAction\",\"target\":{\"@type\":\"EntryPoint\",\"urlTemplate\":\"https:\/\/www.boletbenfet.com\/?s={search_term_string}\"},\"query-input\":{\"@type\":\"PropertyValueSpecification\",\"valueRequired\":true,\"valueName\":\"search_term_string\"}}],\"inLanguage\":\"fr-FR\"}]}<\/script>\n<!-- \/ Yoast SEO plugin. -->","yoast_head_json":{"title":"Reishi - Bolet ben fet","robots":{"index":"index","follow":"follow","max-snippet":"max-snippet:-1","max-image-preview":"max-image-preview:large","max-video-preview":"max-video-preview:-1"},"canonical":"https:\/\/www.boletbenfet.com\/les-nostres-varietats\/bolet-de-pipa\/","og_locale":"fr_FR","og_type":"article","og_title":"Reishi - Bolet ben fet","og_url":"https:\/\/www.boletbenfet.com\/les-nostres-varietats\/bolet-de-pipa\/","og_site_name":"Bolet ben fet","article_modified_time":"2025-05-30T08:42:11+00:00","twitter_card":"summary_large_image","twitter_misc":{"Dur\u00e9e de lecture estim\u00e9e":"1 minute"},"schema":{"@context":"https:\/\/schema.org","@graph":[{"@type":"WebPage","@id":"https:\/\/www.boletbenfet.com\/les-nostres-varietats\/bolet-de-pipa\/","url":"https:\/\/www.boletbenfet.com\/les-nostres-varietats\/bolet-de-pipa\/","name":"Reishi - Bolet ben fet","isPartOf":{"@id":"https:\/\/www.boletbenfet.com\/#website"},"datePublished":"2024-10-07T10:18:19+00:00","dateModified":"2025-05-30T08:42:11+00:00","breadcrumb":{"@id":"https:\/\/www.boletbenfet.com\/les-nostres-varietats\/bolet-de-pipa\/#breadcrumb"},"inLanguage":"fr-FR","potentialAction":[{"@type":"ReadAction","target":["https:\/\/www.boletbenfet.com\/les-nostres-varietats\/bolet-de-pipa\/"]}]},{"@type":"BreadcrumbList","@id":"https:\/\/www.boletbenfet.com\/les-nostres-varietats\/bolet-de-pipa\/#breadcrumb","itemListElement":[{"@type":"ListItem","position":1,"name":"Portada","item":"https:\/\/www.boletbenfet.com\/"},{"@type":"ListItem","position":2,"name":"Nos vari\u00e9t\u00e9s","item":"https:\/\/www.boletbenfet.com\/les-nostres-varietats\/"},{"@type":"ListItem","position":3,"name":"Reishi"}]},{"@type":"WebSite","@id":"https:\/\/www.boletbenfet.com\/#website","url":"https:\/\/www.boletbenfet.com\/","name":"Bolet ben fet","description":"","potentialAction":[{"@type":"SearchAction","target":{"@type":"EntryPoint","urlTemplate":"https:\/\/www.boletbenfet.com\/?s={search_term_string}"},"query-input":{"@type":"PropertyValueSpecification","valueRequired":true,"valueName":"search_term_string"}}],"inLanguage":"fr-FR"}]}},"_links":{"self":[{"href":"https:\/\/www.boletbenfet.com\/fr\/wp-json\/wp\/v2\/pages\/1702","targetHints":{"allow":["GET"]}}],"collection":[{"href":"https:\/\/www.boletbenfet.com\/fr\/wp-json\/wp\/v2\/pages"}],"about":[{"href":"https:\/\/www.boletbenfet.com\/fr\/wp-json\/wp\/v2\/types\/page"}],"author":[{"embeddable":true,"href":"https:\/\/www.boletbenfet.com\/fr\/wp-json\/wp\/v2\/users\/1"}],"replies":[{"embeddable":true,"href":"https:\/\/www.boletbenfet.com\/fr\/wp-json\/wp\/v2\/comments?post=1702"}],"version-history":[{"count":2,"href":"https:\/\/www.boletbenfet.com\/fr\/wp-json\/wp\/v2\/pages\/1702\/revisions"}],"predecessor-version":[{"id":1710,"href":"https:\/\/www.boletbenfet.com\/fr\/wp-json\/wp\/v2\/pages\/1702\/revisions\/1710"}],"up":[{"embeddable":true,"href":"https:\/\/www.boletbenfet.com\/fr\/wp-json\/wp\/v2\/pages\/1516"}],"wp:attachment":[{"href":"https:\/\/www.boletbenfet.com\/fr\/wp-json\/wp\/v2\/media?parent=1702"}],"curies":[{"name":"wp","href":"https:\/\/api.w.org\/{rel}","templated":true}]}}